{"id":11,"date":"2025-08-07T10:37:04","date_gmt":"2025-08-07T08:37:04","guid":{"rendered":"https:\/\/www.ra-kivroglou.de\/?page_id=11"},"modified":"2025-09-30T09:50:53","modified_gmt":"2025-09-30T07:50:53","slug":"impressum","status":"publish","type":"page","link":"https:\/\/www.ra-kivroglou.de\/index.php\/impressum\/","title":{"rendered":"Impressum"},"content":{"rendered":"\t\t<div data-elementor-type=\"wp-post\" data-elementor-id=\"11\" class=\"elementor elementor-11\" data-elementor-post-type=\"page\">\n\t\t\t\t<div class=\"elementor-element elementor-element-fb32092 e-flex e-con-boxed e-con e-parent\" data-id=\"fb32092\" data-element_type=\"container\">\n\t\t\t\t\t<div class=\"e-con-inner\">\n\t\t<div class=\"elementor-element elementor-element-6e5bb9a e-con-full e-flex e-con e-child\" data-id=\"6e5bb9a\" data-element_type=\"container\" data-settings=\"{&quot;background_background&quot;:&quot;classic&quot;}\">\n\t\t<div class=\"elementor-element elementor-element-14ae00f e-con-full e-flex e-con e-child\" data-id=\"14ae00f\" data-element_type=\"container\" data-settings=\"{&quot;background_background&quot;:&quot;classic&quot;}\">\n\t\t\t\t<div class=\"elementor-element elementor-element-d31ca95 ck-titel-three elementor-widget elementor-widget-heading\" data-id=\"d31ca95\" data-element_type=\"widget\" data-widget_type=\"heading.default\">\n\t\t\t\t\t<h4 class=\"elementor-heading-title elementor-size-default\">Verantwortlich f\u00fcr Inhalt und Redaktion<\/h4>\t\t\t\t<\/div>\n\t\t\t\t<div class=\"elementor-element elementor-element-cd61761 elementor-widget elementor-widget-text-editor\" data-id=\"cd61761\" data-element_type=\"widget\" data-widget_type=\"text-editor.default\">\n\t\t\t\t\t\t\t\t\t<ul class=\"ck-list-com \">\n \t<li>Rechtsanw\u00e4ltin Christina Kivroglou<\/li>\n \t<li>Frankfurter\u00a0Stra\u00dfe\u00a014<br>\n64293\u00a0Darmstadt<\/li>\n \t<li>T\u00a0+49\u00a0(0)\u00a06151\u00a05992011<br>\nF\u00a0+49\u00a0(0)\u00a06151\u00a05992012<br>\nE:\u00a0info@ra-kivroglou.de<\/li>\n<\/ul>\t\t\t\t\t\t\t\t<\/div>\n\t\t\t\t<\/div>\n\t\t<div class=\"elementor-element elementor-element-b5d03d5 e-con-full e-flex e-con e-child\" data-id=\"b5d03d5\" data-element_type=\"container\" data-settings=\"{&quot;background_background&quot;:&quot;classic&quot;}\">\n\t\t\t\t<div class=\"elementor-element elementor-element-ed077a5 elementor-widget elementor-widget-text-editor\" data-id=\"ed077a5\" data-element_type=\"widget\" data-widget_type=\"text-editor.default\">\n\t\t\t\t\t\t\t\t\t<p>Die Berufsbezeichnung Rechtsanw\u00e4ltin wurde in Deutschland verliehen und darf dort gef\u00fchrt werden.<\/p>\n<p>Rechtsanw\u00e4ltin Christina Kivroglou ist nach dem Recht der Bundesrepublik Deutschland zugelassen und Mitglied der Rechtsanwaltskammer Frankfurt am Main, Bockenheimer Anlage 36, 60322 Frankfurt\/Main.<\/p>\n<p><\/p>\n<p>Es gelten im Wesentlichen die nachfolgenden berufsrechtlichen Regelungen:<\/p><p><br><\/p><ul class=\"ck-list-com ck-list-two\"><li>BRAO &#8211; Bundesrechtsanwaltsordnung<\/li>\n<li>BORA &#8211; Berufsordnung f\u00fcr Rechtsanw\u00e4lte<\/li>\n<li>RVG &#8211; Bundesgeb\u00fchrenordnung f\u00fcr Rechtsanw\u00e4lte<\/li>\n<li>Fachanwaltsordnung<\/li>\n<li>Gesetz \u00fcber die T\u00e4tigkeit europ\u00e4ischer Rechtsanw\u00e4lte in Deutschland (EuRAG) v. 9. 3. 2000 (BGBl. I S. 182)<\/li>\n<li>Berufsregeln der Rechtsanw\u00e4lte der Europ\u00e4ischen Gemeinschaft (CCBE)<\/li>\n<li>Law Implementing the Directives of the European Community pertaining to the professional law regulating the legal profession<\/li>\n<\/ul>\n<p><br><\/p><p>Es wird keine Gew\u00e4hr f\u00fcr die Richtigkeit und Vollst\u00e4ndigkeit der hier abrufbaren Informationen \u00fcbernommen. Dies gilt insbesondere f\u00fcr die Inhalte verlinkter Seiten, f\u00fcr die keine Verantwortung \u00fcbernommen wird.<\/p><p><br><\/p>\n<p><\/p>\n<p>Die Rechte am Inhalt dieser Seite liegen bei Rechtsanw\u00e4ltin Christina&nbsp;Kivroglou.<\/p><p><br><\/p>\n<p><\/p>\n<p>Foto:<br>Foto Studio Hirch<br>Rheinstra\u00dfe&nbsp;18<br>64283&nbsp;Darmstadt<br>Foto-Studio-Hirch.de<\/p>\t\t\t\t\t\t\t\t<\/div>\n\t\t\t\t<\/div>\n\t\t\t\t<\/div>\n\t\t\t\t\t<\/div>\n\t\t\t\t<\/div>\n\t\t\t\t<\/div>\n\t\t","protected":false},"excerpt":{"rendered":"<p>Verantwortlich f\u00fcr Inhalt und Redaktion Rechtsanw\u00e4ltin Christina Kivroglou Frankfurter\u00a0Stra\u00dfe\u00a014 64293\u00a0Darmstadt T\u00a0+49\u00a0(0)\u00a06151\u00a05992011 F\u00a0+49\u00a0(0)\u00a06151\u00a05992012 E:\u00a0info@ra-kivroglou.de Die Berufsbezeichnung Rechtsanw\u00e4ltin wurde in Deutschland verliehen und darf dort gef\u00fchrt werden. Rechtsanw\u00e4ltin Christina Kivroglou ist nach dem Recht der Bundesrepublik Deutschland zugelassen und Mitglied der Rechtsanwaltskammer Frankfurt am Main, Bockenheimer Anlage 36, 60322 Frankfurt\/Main. Es gelten im Wesentlichen die nachfolgenden berufsrechtlichen [&hellip;]<\/p>\n","protected":false},"author":1,"featured_media":0,"parent":0,"menu_order":0,"comment_status":"closed","ping_status":"closed","template":"","meta":{"footnotes":""},"class_list":["post-11","page","type-page","status-publish","hentry"],"yoast_head":"<!-- This site is optimized with the Yoast SEO plugin v26.0 - https:\/\/yoast.com\/wordpress\/plugins\/seo\/ -->\n<title>Impressum - Kanzlei Kivroglou<\/title>\n<meta name=\"robots\" content=\"index, follow, max-snippet:-1, max-image-preview:large, max-video-preview:-1\" \/>\n<link rel=\"canonical\" href=\"https:\/\/www.ra-kivroglou.de\/index.php\/impressum\/\" \/>\n<meta property=\"og:locale\" content=\"de_DE\" \/>\n<meta property=\"og:type\" content=\"article\" \/>\n<meta property=\"og:title\" content=\"Impressum - Kanzlei Kivroglou\" \/>\n<meta property=\"og:description\" content=\"Verantwortlich f\u00fcr Inhalt und Redaktion Rechtsanw\u00e4ltin Christina Kivroglou Frankfurter\u00a0Stra\u00dfe\u00a014 64293\u00a0Darmstadt T\u00a0+49\u00a0(0)\u00a06151\u00a05992011 F\u00a0+49\u00a0(0)\u00a06151\u00a05992012 E:\u00a0info@ra-kivroglou.de Die Berufsbezeichnung Rechtsanw\u00e4ltin wurde in Deutschland verliehen und darf dort gef\u00fchrt werden. Rechtsanw\u00e4ltin Christina Kivroglou ist nach dem Recht der Bundesrepublik Deutschland zugelassen und Mitglied der Rechtsanwaltskammer Frankfurt am Main, Bockenheimer Anlage 36, 60322 Frankfurt\/Main. Es gelten im Wesentlichen die nachfolgenden berufsrechtlichen [&hellip;]\" \/>\n<meta property=\"og:url\" content=\"https:\/\/www.ra-kivroglou.de\/index.php\/impressum\/\" \/>\n<meta property=\"og:site_name\" content=\"Kanzlei Kivroglou\" \/>\n<meta property=\"article:modified_time\" content=\"2025-09-30T07:50:53+00:00\" \/>\n<meta name=\"twitter:card\" content=\"summary_large_image\" \/>\n<meta name=\"twitter:label1\" content=\"Gesch\u00e4tzte Lesezeit\" \/>\n\t<meta name=\"twitter:data1\" content=\"1\u00a0Minute\" \/>\n<script type=\"application\/ld+json\" class=\"yoast-schema-graph\">{\"@context\":\"https:\/\/schema.org\",\"@graph\":[{\"@type\":\"WebPage\",\"@id\":\"https:\/\/www.ra-kivroglou.de\/index.php\/impressum\/\",\"url\":\"https:\/\/www.ra-kivroglou.de\/index.php\/impressum\/\",\"name\":\"Impressum - Kanzlei Kivroglou\",\"isPartOf\":{\"@id\":\"https:\/\/www.ra-kivroglou.de\/#website\"},\"datePublished\":\"2025-08-07T08:37:04+00:00\",\"dateModified\":\"2025-09-30T07:50:53+00:00\",\"breadcrumb\":{\"@id\":\"https:\/\/www.ra-kivroglou.de\/index.php\/impressum\/#breadcrumb\"},\"inLanguage\":\"de\",\"potentialAction\":[{\"@type\":\"ReadAction\",\"target\":[\"https:\/\/www.ra-kivroglou.de\/index.php\/impressum\/\"]}]},{\"@type\":\"BreadcrumbList\",\"@id\":\"https:\/\/www.ra-kivroglou.de\/index.php\/impressum\/#breadcrumb\",\"itemListElement\":[{\"@type\":\"ListItem\",\"position\":1,\"name\":\"Startseite\",\"item\":\"https:\/\/www.ra-kivroglou.de\/\"},{\"@type\":\"ListItem\",\"position\":2,\"name\":\"Impressum\"}]},{\"@type\":\"WebSite\",\"@id\":\"https:\/\/www.ra-kivroglou.de\/#website\",\"url\":\"https:\/\/www.ra-kivroglou.de\/\",\"name\":\"Kanzlei Kivroglou\",\"description\":\"\",\"potentialAction\":[{\"@type\":\"SearchAction\",\"target\":{\"@type\":\"EntryPoint\",\"urlTemplate\":\"https:\/\/www.ra-kivroglou.de\/?s={search_term_string}\"},\"query-input\":{\"@type\":\"PropertyValueSpecification\",\"valueRequired\":true,\"valueName\":\"search_term_string\"}}],\"inLanguage\":\"de\"}]}<\/script>\n<!-- \/ Yoast SEO plugin. -->","yoast_head_json":{"title":"Impressum - Kanzlei Kivroglou","robots":{"index":"index","follow":"follow","max-snippet":"max-snippet:-1","max-image-preview":"max-image-preview:large","max-video-preview":"max-video-preview:-1"},"canonical":"https:\/\/www.ra-kivroglou.de\/index.php\/impressum\/","og_locale":"de_DE","og_type":"article","og_title":"Impressum - Kanzlei Kivroglou","og_description":"Verantwortlich f\u00fcr Inhalt und Redaktion Rechtsanw\u00e4ltin Christina Kivroglou Frankfurter\u00a0Stra\u00dfe\u00a014 64293\u00a0Darmstadt T\u00a0+49\u00a0(0)\u00a06151\u00a05992011 F\u00a0+49\u00a0(0)\u00a06151\u00a05992012 E:\u00a0info@ra-kivroglou.de Die Berufsbezeichnung Rechtsanw\u00e4ltin wurde in Deutschland verliehen und darf dort gef\u00fchrt werden. Rechtsanw\u00e4ltin Christina Kivroglou ist nach dem Recht der Bundesrepublik Deutschland zugelassen und Mitglied der Rechtsanwaltskammer Frankfurt am Main, Bockenheimer Anlage 36, 60322 Frankfurt\/Main. Es gelten im Wesentlichen die nachfolgenden berufsrechtlichen [&hellip;]","og_url":"https:\/\/www.ra-kivroglou.de\/index.php\/impressum\/","og_site_name":"Kanzlei Kivroglou","article_modified_time":"2025-09-30T07:50:53+00:00","twitter_card":"summary_large_image","twitter_misc":{"Gesch\u00e4tzte Lesezeit":"1\u00a0Minute"},"schema":{"@context":"https:\/\/schema.org","@graph":[{"@type":"WebPage","@id":"https:\/\/www.ra-kivroglou.de\/index.php\/impressum\/","url":"https:\/\/www.ra-kivroglou.de\/index.php\/impressum\/","name":"Impressum - Kanzlei Kivroglou","isPartOf":{"@id":"https:\/\/www.ra-kivroglou.de\/#website"},"datePublished":"2025-08-07T08:37:04+00:00","dateModified":"2025-09-30T07:50:53+00:00","breadcrumb":{"@id":"https:\/\/www.ra-kivroglou.de\/index.php\/impressum\/#breadcrumb"},"inLanguage":"de","potentialAction":[{"@type":"ReadAction","target":["https:\/\/www.ra-kivroglou.de\/index.php\/impressum\/"]}]},{"@type":"BreadcrumbList","@id":"https:\/\/www.ra-kivroglou.de\/index.php\/impressum\/#breadcrumb","itemListElement":[{"@type":"ListItem","position":1,"name":"Startseite","item":"https:\/\/www.ra-kivroglou.de\/"},{"@type":"ListItem","position":2,"name":"Impressum"}]},{"@type":"WebSite","@id":"https:\/\/www.ra-kivroglou.de\/#website","url":"https:\/\/www.ra-kivroglou.de\/","name":"Kanzlei Kivroglou","description":"","potentialAction":[{"@type":"SearchAction","target":{"@type":"EntryPoint","urlTemplate":"https:\/\/www.ra-kivroglou.de\/?s={search_term_string}"},"query-input":{"@type":"PropertyValueSpecification","valueRequired":true,"valueName":"search_term_string"}}],"inLanguage":"de"}]}},"_links":{"self":[{"href":"https:\/\/www.ra-kivroglou.de\/index.php\/wp-json\/wp\/v2\/pages\/11","targetHints":{"allow":["GET"]}}],"collection":[{"href":"https:\/\/www.ra-kivroglou.de\/index.php\/wp-json\/wp\/v2\/pages"}],"about":[{"href":"https:\/\/www.ra-kivroglou.de\/index.php\/wp-json\/wp\/v2\/types\/page"}],"author":[{"embeddable":true,"href":"https:\/\/www.ra-kivroglou.de\/index.php\/wp-json\/wp\/v2\/users\/1"}],"replies":[{"embeddable":true,"href":"https:\/\/www.ra-kivroglou.de\/index.php\/wp-json\/wp\/v2\/comments?post=11"}],"version-history":[{"count":83,"href":"https:\/\/www.ra-kivroglou.de\/index.php\/wp-json\/wp\/v2\/pages\/11\/revisions"}],"predecessor-version":[{"id":931,"href":"https:\/\/www.ra-kivroglou.de\/index.php\/wp-json\/wp\/v2\/pages\/11\/revisions\/931"}],"wp:attachment":[{"href":"https:\/\/www.ra-kivroglou.de\/index.php\/wp-json\/wp\/v2\/media?parent=11"}],"curies":[{"name":"wp","href":"https:\/\/api.w.org\/{rel}","templated":true}]}}