{"id":2,"date":"2025-08-05T12:56:40","date_gmt":"2025-08-05T10:56:40","guid":{"rendered":"https:\/\/www.ra-kivroglou.de\/?page_id=2"},"modified":"2025-10-16T17:22:11","modified_gmt":"2025-10-16T15:22:11","slug":"kanzlei-kivroglou","status":"publish","type":"page","link":"https:\/\/www.ra-kivroglou.de\/","title":{"rendered":"Kanzlei Kivroglou"},"content":{"rendered":"\t\t<div data-elementor-type=\"wp-page\" data-elementor-id=\"2\" class=\"elementor elementor-2\" data-elementor-post-type=\"page\">\n\t\t\t\t<div class=\"elementor-element elementor-element-10e8b3a8 e-con-full e-flex e-con e-parent\" data-id=\"10e8b3a8\" data-element_type=\"container\" data-settings=\"{&quot;background_background&quot;:&quot;classic&quot;}\">\n\t\t<div class=\"elementor-element elementor-element-b2a019a e-flex e-con-boxed e-con e-child\" data-id=\"b2a019a\" data-element_type=\"container\" data-settings=\"{&quot;background_background&quot;:&quot;classic&quot;}\">\n\t\t\t\t\t<div class=\"e-con-inner\">\n\t\t<div class=\"elementor-element elementor-element-2824c9e e-con-full e-flex e-con e-child\" data-id=\"2824c9e\" data-element_type=\"container\" data-settings=\"{&quot;background_background&quot;:&quot;classic&quot;}\">\n\t\t\t\t<div class=\"elementor-element elementor-element-384b9b9 elementor-widget elementor-widget-heading\" data-id=\"384b9b9\" data-element_type=\"widget\" data-widget_type=\"heading.default\">\n\t\t\t\t\t<p class=\"elementor-heading-title elementor-size-default\">Vertrauen ist die Basis einer guten Beratung<\/p>\t\t\t\t<\/div>\n\t\t\t\t<\/div>\n\t\t\t\t\t<\/div>\n\t\t\t\t<\/div>\n\t\t\t\t<\/div>\n\t\t<div class=\"elementor-element elementor-element-ebaee97 e-con-full e-flex e-con e-parent\" data-id=\"ebaee97\" data-element_type=\"container\" data-settings=\"{&quot;background_background&quot;:&quot;classic&quot;}\">\n\t\t<div class=\"elementor-element elementor-element-1bb742f e-flex e-con-boxed e-con e-child\" data-id=\"1bb742f\" data-element_type=\"container\" data-settings=\"{&quot;background_background&quot;:&quot;classic&quot;}\">\n\t\t\t\t\t<div class=\"e-con-inner\">\n\t\t<div class=\"elementor-element elementor-element-da0f5c5 e-con-full e-flex e-con e-child\" data-id=\"da0f5c5\" data-element_type=\"container\" data-settings=\"{&quot;background_background&quot;:&quot;classic&quot;}\">\n\t\t\t\t<div class=\"elementor-element elementor-element-56844f2 ck-titel-three elementor-widget elementor-widget-heading\" data-id=\"56844f2\" data-element_type=\"widget\" data-widget_type=\"heading.default\">\n\t\t\t\t\t<h2 class=\"elementor-heading-title elementor-size-default\">Meine Philosophie<\/h2>\t\t\t\t<\/div>\n\t\t\t\t<div class=\"elementor-element elementor-element-f8f168e elementor-widget elementor-widget-text-editor\" data-id=\"f8f168e\" data-element_type=\"widget\" data-widget_type=\"text-editor.default\">\n\t\t\t\t\t\t\t\t\t<ul class=\"ck-list-com ck-list-two\"><li><h3>Kompetenz<\/h3><p>&#8230; durch Know-how<\/p><\/li><li><h3>Interdisziplin\u00e4res Denken<\/h3><p>&#8230; durch Kooperationen<\/p><\/li><li><h3>N\u00e4he zum Mandanten<\/h3><p>&#8230; durch pers\u00f6nliche Betreuung<\/p><\/li><\/ul>\t\t\t\t\t\t\t\t<\/div>\n\t\t\t\t<\/div>\n\t\t<div class=\"elementor-element elementor-element-541521f e-con-full e-flex e-con e-child\" data-id=\"541521f\" data-element_type=\"container\" data-settings=\"{&quot;background_background&quot;:&quot;classic&quot;}\">\n\t\t\t\t<div class=\"elementor-element elementor-element-13c3897 ck-titel-three elementor-widget elementor-widget-heading\" data-id=\"13c3897\" data-element_type=\"widget\" data-widget_type=\"heading.default\">\n\t\t\t\t\t<h2 class=\"elementor-heading-title elementor-size-default\">Meine T\u00e4tigkeitsschwerpunkte<\/h2>\t\t\t\t<\/div>\n\t\t\t\t<div class=\"elementor-element elementor-element-5c28243 elementor-widget elementor-widget-text-editor\" data-id=\"5c28243\" data-element_type=\"widget\" data-widget_type=\"text-editor.default\">\n\t\t\t\t\t\t\t\t\t<ul class=\"ck-list-com ck-list-one\"><li>Familienrecht<\/li><li>Miet- und Pachtrecht<\/li><li>allg. Zivilrecht<\/li><\/ul>\t\t\t\t\t\t\t\t<\/div>\n\t\t\t\t<\/div>\n\t\t\t\t\t<\/div>\n\t\t\t\t<\/div>\n\t\t\t\t<\/div>\n\t\t<div class=\"elementor-element elementor-element-c518ed2 e-con-full e-flex e-con e-parent\" data-id=\"c518ed2\" data-element_type=\"container\" data-settings=\"{&quot;background_background&quot;:&quot;classic&quot;}\">\n\t\t<div class=\"elementor-element elementor-element-048a622 e-flex e-con-boxed e-con e-child\" data-id=\"048a622\" data-element_type=\"container\" data-settings=\"{&quot;background_background&quot;:&quot;classic&quot;}\">\n\t\t\t\t\t<div class=\"e-con-inner\">\n\t\t\t\t<div class=\"elementor-element elementor-element-fa81737 elementor--h-position-center elementor--v-position-middle elementor-pagination-position-inside elementor-widget elementor-widget-slides\" data-id=\"fa81737\" data-element_type=\"widget\" data-settings=\"{&quot;navigation&quot;:&quot;dots&quot;,&quot;autoplay&quot;:&quot;yes&quot;,&quot;pause_on_hover&quot;:&quot;yes&quot;,&quot;pause_on_interaction&quot;:&quot;yes&quot;,&quot;autoplay_speed&quot;:5000,&quot;infinite&quot;:&quot;yes&quot;,&quot;transition&quot;:&quot;slide&quot;,&quot;transition_speed&quot;:500}\" data-widget_type=\"slides.default\">\n\t\t\t\t\t\t\t\t\t\t<div class=\"elementor-slides-wrapper elementor-main-swiper swiper\" role=\"region\" aria-roledescription=\"carousel\" aria-label=\"Slider\" dir=\"ltr\" data-animation=\"fadeInUp\">\n\t\t\t\t<div class=\"swiper-wrapper elementor-slides\">\n\t\t\t\t\t\t\t\t\t\t<div class=\"elementor-repeater-item-e3f527a swiper-slide\" role=\"group\" aria-roledescription=\"slide\"><div class=\"swiper-slide-bg elementor-ken-burns elementor-ken-burns--in\" role=\"img\"><\/div><div class=\"swiper-slide-inner\" ><div class=\"swiper-slide-contents\"><\/div><\/div><\/div><div class=\"elementor-repeater-item-a5aa257 swiper-slide\" role=\"group\" aria-roledescription=\"slide\"><div class=\"swiper-slide-bg elementor-ken-burns elementor-ken-burns--in\" role=\"img\"><\/div><div class=\"swiper-slide-inner\" ><div class=\"swiper-slide-contents\"><\/div><\/div><\/div><div class=\"elementor-repeater-item-35f41ee swiper-slide\" role=\"group\" aria-roledescription=\"slide\"><div class=\"swiper-slide-bg elementor-ken-burns elementor-ken-burns--in\" role=\"img\"><\/div><div class=\"swiper-slide-inner\" ><div class=\"swiper-slide-contents\"><\/div><\/div><\/div>\t\t\t\t<\/div>\n\t\t\t\t\t\t\t\t\t\t\t\t\t\t\t\t\t\t\t\t<div class=\"swiper-pagination\"><\/div>\n\t\t\t\t\t\t\t\t\t\t\t\t<\/div>\n\t\t\t\t\t\t\t\t<\/div>\n\t\t\t\t\t<\/div>\n\t\t\t\t<\/div>\n\t\t\t\t<\/div>\n\t\t<div class=\"elementor-element elementor-element-e2452a5 e-con-full e-flex e-con e-parent\" data-id=\"e2452a5\" data-element_type=\"container\" data-settings=\"{&quot;background_background&quot;:&quot;classic&quot;}\">\n\t\t<div class=\"elementor-element elementor-element-c4d756b e-flex e-con-boxed e-con e-child\" data-id=\"c4d756b\" data-element_type=\"container\" data-settings=\"{&quot;background_background&quot;:&quot;classic&quot;}\">\n\t\t\t\t\t<div class=\"e-con-inner\">\n\t\t<div class=\"elementor-element elementor-element-6da757a e-con-full e-flex e-con e-child\" data-id=\"6da757a\" data-element_type=\"container\" data-settings=\"{&quot;background_background&quot;:&quot;classic&quot;}\">\n\t\t\t\t<div class=\"elementor-element elementor-element-948fa60 ck-titel-three elementor-widget elementor-widget-heading\" data-id=\"948fa60\" data-element_type=\"widget\" data-widget_type=\"heading.default\">\n\t\t\t\t\t<h2 class=\"elementor-heading-title elementor-size-default\">Meine Kurzvita<\/h2>\t\t\t\t<\/div>\n\t\t\t\t<div class=\"elementor-element elementor-element-fc08480 elementor-widget elementor-widget-text-editor\" data-id=\"fc08480\" data-element_type=\"widget\" data-widget_type=\"text-editor.default\">\n\t\t\t\t\t\t\t\t\t<ul class=\"ck-list-com ck-list-two\">\n <li>Studium: Johannes Gutenberg-Universit\u00e4t Mainz<\/li>\n<li>Juristischer Vorbereitungsdienst:<br> Landgerichtsbezirk Darmstadt<\/li>\n<li>Rechtsanw\u00e4ltin seit 2006<\/li>\n<li>T\u00e4tigkeit u.a. in einem regionalen Anwalts- und Notariatsb\u00fcro<\/li>\n<li>Kanzleigr\u00fcndung in Darmstadt Mai 2009<\/li>\n<li>Sprachen:<br>Deutsch, Griechisch, Englisch<\/li>\n<\/ul>\t\t\t\t\t\t\t\t<\/div>\n\t\t\t\t<\/div>\n\t\t\t\t\t<\/div>\n\t\t\t\t<\/div>\n\t\t\t\t<\/div>\n\t\t\t\t<\/div>\n\t\t","protected":false},"excerpt":{"rendered":"<p>Vertrauen ist die Basis einer guten Beratung Meine Philosophie Kompetenz &#8230; durch Know-how Interdisziplin\u00e4res Denken &#8230; durch Kooperationen N\u00e4he zum Mandanten &#8230; durch pers\u00f6nliche Betreuung Meine T\u00e4tigkeitsschwerpunkte Familienrecht Miet- und Pachtrecht allg. Zivilrecht Meine Kurzvita Studium: Johannes Gutenberg-Universit\u00e4t Mainz Juristischer Vorbereitungsdienst: Landgerichtsbezirk Darmstadt Rechtsanw\u00e4ltin seit 2006 T\u00e4tigkeit u.a. in einem regionalen Anwalts- und Notariatsb\u00fcro Kanzleigr\u00fcndung [&hellip;]<\/p>\n","protected":false},"author":1,"featured_media":0,"parent":0,"menu_order":0,"comment_status":"closed","ping_status":"closed","template":"","meta":{"footnotes":""},"class_list":["post-2","page","type-page","status-publish","hentry"],"yoast_head":"<!-- This site is optimized with the Yoast SEO plugin v26.0 - https:\/\/yoast.com\/wordpress\/plugins\/seo\/ -->\n<title>Kanzlei Kivroglou - Kanzlei Kivroglou<\/title>\n<meta name=\"description\" content=\"Kanzlei Kivroglou - Vertrauen ist die Basis einer guten und kompetenten Rechtsberatung. Wir denken interdisziplin\u00e4r.\" \/>\n<meta name=\"robots\" content=\"index, follow, max-snippet:-1, max-image-preview:large, max-video-preview:-1\" \/>\n<link rel=\"canonical\" href=\"https:\/\/www.ra-kivroglou.de\/\" \/>\n<meta property=\"og:locale\" content=\"de_DE\" \/>\n<meta property=\"og:type\" content=\"article\" \/>\n<meta property=\"og:title\" content=\"Kanzlei Kivroglou - Kanzlei Kivroglou\" \/>\n<meta property=\"og:description\" content=\"Kanzlei Kivroglou - Vertrauen ist die Basis einer guten und kompetenten Rechtsberatung. Wir denken interdisziplin\u00e4r.\" \/>\n<meta property=\"og:url\" content=\"https:\/\/www.ra-kivroglou.de\/\" \/>\n<meta property=\"og:site_name\" content=\"Kanzlei Kivroglou\" \/>\n<meta property=\"article:modified_time\" content=\"2025-10-16T15:22:11+00:00\" \/>\n<meta name=\"twitter:card\" content=\"summary_large_image\" \/>\n<meta name=\"twitter:label1\" content=\"Gesch\u00e4tzte Lesezeit\" \/>\n\t<meta name=\"twitter:data1\" content=\"1\u00a0Minute\" \/>\n<script type=\"application\/ld+json\" class=\"yoast-schema-graph\">{\"@context\":\"https:\/\/schema.org\",\"@graph\":[{\"@type\":\"WebPage\",\"@id\":\"https:\/\/www.ra-kivroglou.de\/\",\"url\":\"https:\/\/www.ra-kivroglou.de\/\",\"name\":\"Kanzlei Kivroglou - Kanzlei Kivroglou\",\"isPartOf\":{\"@id\":\"https:\/\/www.ra-kivroglou.de\/#website\"},\"datePublished\":\"2025-08-05T10:56:40+00:00\",\"dateModified\":\"2025-10-16T15:22:11+00:00\",\"description\":\"Kanzlei Kivroglou - Vertrauen ist die Basis einer guten und kompetenten Rechtsberatung. Wir denken interdisziplin\u00e4r.\",\"breadcrumb\":{\"@id\":\"https:\/\/www.ra-kivroglou.de\/#breadcrumb\"},\"inLanguage\":\"de\",\"potentialAction\":[{\"@type\":\"ReadAction\",\"target\":[\"https:\/\/www.ra-kivroglou.de\/\"]}]},{\"@type\":\"BreadcrumbList\",\"@id\":\"https:\/\/www.ra-kivroglou.de\/#breadcrumb\",\"itemListElement\":[{\"@type\":\"ListItem\",\"position\":1,\"name\":\"Startseite\",\"item\":\"https:\/\/www.ra-kivroglou.de\/\"},{\"@type\":\"ListItem\",\"position\":2,\"name\":\"Kanzlei Kivroglou\"}]},{\"@type\":\"WebSite\",\"@id\":\"https:\/\/www.ra-kivroglou.de\/#website\",\"url\":\"https:\/\/www.ra-kivroglou.de\/\",\"name\":\"Kanzlei Kivroglou\",\"description\":\"\",\"potentialAction\":[{\"@type\":\"SearchAction\",\"target\":{\"@type\":\"EntryPoint\",\"urlTemplate\":\"https:\/\/www.ra-kivroglou.de\/?s={search_term_string}\"},\"query-input\":{\"@type\":\"PropertyValueSpecification\",\"valueRequired\":true,\"valueName\":\"search_term_string\"}}],\"inLanguage\":\"de\"}]}<\/script>\n<!-- \/ Yoast SEO plugin. -->","yoast_head_json":{"title":"Kanzlei Kivroglou - Kanzlei Kivroglou","description":"Kanzlei Kivroglou - Vertrauen ist die Basis einer guten und kompetenten Rechtsberatung. Wir denken interdisziplin\u00e4r.","robots":{"index":"index","follow":"follow","max-snippet":"max-snippet:-1","max-image-preview":"max-image-preview:large","max-video-preview":"max-video-preview:-1"},"canonical":"https:\/\/www.ra-kivroglou.de\/","og_locale":"de_DE","og_type":"article","og_title":"Kanzlei Kivroglou - Kanzlei Kivroglou","og_description":"Kanzlei Kivroglou - Vertrauen ist die Basis einer guten und kompetenten Rechtsberatung. Wir denken interdisziplin\u00e4r.","og_url":"https:\/\/www.ra-kivroglou.de\/","og_site_name":"Kanzlei Kivroglou","article_modified_time":"2025-10-16T15:22:11+00:00","twitter_card":"summary_large_image","twitter_misc":{"Gesch\u00e4tzte Lesezeit":"1\u00a0Minute"},"schema":{"@context":"https:\/\/schema.org","@graph":[{"@type":"WebPage","@id":"https:\/\/www.ra-kivroglou.de\/","url":"https:\/\/www.ra-kivroglou.de\/","name":"Kanzlei Kivroglou - Kanzlei Kivroglou","isPartOf":{"@id":"https:\/\/www.ra-kivroglou.de\/#website"},"datePublished":"2025-08-05T10:56:40+00:00","dateModified":"2025-10-16T15:22:11+00:00","description":"Kanzlei Kivroglou - Vertrauen ist die Basis einer guten und kompetenten Rechtsberatung. Wir denken interdisziplin\u00e4r.","breadcrumb":{"@id":"https:\/\/www.ra-kivroglou.de\/#breadcrumb"},"inLanguage":"de","potentialAction":[{"@type":"ReadAction","target":["https:\/\/www.ra-kivroglou.de\/"]}]},{"@type":"BreadcrumbList","@id":"https:\/\/www.ra-kivroglou.de\/#breadcrumb","itemListElement":[{"@type":"ListItem","position":1,"name":"Startseite","item":"https:\/\/www.ra-kivroglou.de\/"},{"@type":"ListItem","position":2,"name":"Kanzlei Kivroglou"}]},{"@type":"WebSite","@id":"https:\/\/www.ra-kivroglou.de\/#website","url":"https:\/\/www.ra-kivroglou.de\/","name":"Kanzlei Kivroglou","description":"","potentialAction":[{"@type":"SearchAction","target":{"@type":"EntryPoint","urlTemplate":"https:\/\/www.ra-kivroglou.de\/?s={search_term_string}"},"query-input":{"@type":"PropertyValueSpecification","valueRequired":true,"valueName":"search_term_string"}}],"inLanguage":"de"}]}},"_links":{"self":[{"href":"https:\/\/www.ra-kivroglou.de\/index.php\/wp-json\/wp\/v2\/pages\/2","targetHints":{"allow":["GET"]}}],"collection":[{"href":"https:\/\/www.ra-kivroglou.de\/index.php\/wp-json\/wp\/v2\/pages"}],"about":[{"href":"https:\/\/www.ra-kivroglou.de\/index.php\/wp-json\/wp\/v2\/types\/page"}],"author":[{"embeddable":true,"href":"https:\/\/www.ra-kivroglou.de\/index.php\/wp-json\/wp\/v2\/users\/1"}],"replies":[{"embeddable":true,"href":"https:\/\/www.ra-kivroglou.de\/index.php\/wp-json\/wp\/v2\/comments?post=2"}],"version-history":[{"count":292,"href":"https:\/\/www.ra-kivroglou.de\/index.php\/wp-json\/wp\/v2\/pages\/2\/revisions"}],"predecessor-version":[{"id":940,"href":"https:\/\/www.ra-kivroglou.de\/index.php\/wp-json\/wp\/v2\/pages\/2\/revisions\/940"}],"wp:attachment":[{"href":"https:\/\/www.ra-kivroglou.de\/index.php\/wp-json\/wp\/v2\/media?parent=2"}],"curies":[{"name":"wp","href":"https:\/\/api.w.org\/{rel}","templated":true}]}}